 {"id":663,"date":"2022-06-07T19:14:15","date_gmt":"2022-06-07T19:14:15","guid":{"rendered":"https:\/\/aslogtransportes.com.br\/?page_id=663"},"modified":"2023-12-05T10:53:48","modified_gmt":"2023-12-05T13:53:48","slug":"servicos","status":"publish","type":"page","link":"https:\/\/aslogtransportes.com.br\/?page_id=663","title":{"rendered":"Servi\u00e7os"},"content":{"rendered":"<style>\/*! elementor - v3.6.5 - 27-04-2022 *\/\n.elementor-heading-title{padding:0;margin:0;line-height:1}.elementor-widget-heading .elementor-heading-title[class*=elementor-size-]>a{color:inherit;font-size:inherit;line-height:inherit}.elementor-widget-heading .elementor-heading-title.elementor-size-small{font-size:15px}.elementor-widget-heading .elementor-heading-title.elementor-size-medium{font-size:19px}.elementor-widget-heading .elementor-heading-title.elementor-size-large{font-size:29px}.elementor-widget-heading .elementor-heading-title.elementor-size-xl{font-size:39px}.elementor-widget-heading .elementor-heading-title.elementor-size-xxl{font-size:59px}<\/style>\n<h1>Servi\u00e7os<\/h1>\n<p>\t\t\t<a role=\"button\"><br \/>\n\t\t\t\t\t\tServi\u00e7os<br \/>\n\t\t\t\t\t<\/a><\/p>\n<h3>Servi\u00e7os de alta tecnologia para entregar o melhor!<\/h3>\n<p>N\u00f3s da Aslog transportes transportes oferecemos diversos tipos de modalidades de transportes.<\/p>\n<style>\/*! elementor - v3.6.5 - 27-04-2022 *\/\n.elementor-widget-image{text-align:center}.elementor-widget-image a{display:inline-block}.elementor-widget-image a img[src$=\".svg\"]{width:48px}.elementor-widget-image img{vertical-align:middle;display:inline-block}<\/style>\n<p>\t\t\t\t\t\t\t\t\t\t\t\t\t<a href=\"\/servicos\/transporte-exclusivo\"><br \/>\n\t\t\t\t\t\t\t<img decoding=\"async\" width=\"600\" height=\"313\" src=\"https:\/\/aslogtransportes.com.br\/wp-content\/uploads\/2022\/06\/rodoviario.jpg\" alt=\"\" loading=\"lazy\" srcset=\"https:\/\/aslogtransportes.com.br\/wp-content\/uploads\/2022\/06\/rodoviario.jpg 600w, https:\/\/aslogtransportes.com.br\/wp-content\/uploads\/2022\/06\/rodoviario-300x157.jpg 300w\" sizes=\"auto, (max-width: 600px) 100vw, 600px\" \/>\t\t\t\t\t\t\t\t<\/a><\/p>\n<h5><a href=\"\/servicos\/transporte-exclusivo\">Transporte Exclusivo<\/a><\/h5>\n<p>Solu\u00e7\u00f5es em transporte com qualidade geram economia e agilidade para os nossos clientes&#8230;<\/p>\n<p>\t\t\t\t\t\t\t\t\t\t\t\t\t\t\t\t<a href=\"\/servicos\/transporte-fracionado\"><br \/>\n\t\t\t\t\t\t\t<img decoding=\"async\" width=\"600\" height=\"313\" src=\"https:\/\/aslogtransportes.com.br\/wp-content\/uploads\/2022\/06\/fracionado.jpg\" alt=\"\" loading=\"lazy\" srcset=\"https:\/\/aslogtransportes.com.br\/wp-content\/uploads\/2022\/06\/fracionado.jpg 600w, https:\/\/aslogtransportes.com.br\/wp-content\/uploads\/2022\/06\/fracionado-300x157.jpg 300w\" sizes=\"auto, (max-width: 600px) 100vw, 600px\" \/>\t\t\t\t\t\t\t\t<\/a><\/p>\n<h5><a href=\"\/servicos\/transporte-fracionado\">Transporte Fracionado<\/a><\/h5>\n<p>Servi\u00e7o de entrega porta a porta\u00a0 onde n\u00e3o se h\u00e1 necessidade de pagar pelo espa\u00e7o do ve\u00edculo inteiro&#8230;<\/p>\n<p>\t\t\t\t\t\t\t\t\t\t\t\t\t\t\t\t<a href=\"\/servicos\/transporte-expresso\"><br \/>\n\t\t\t\t\t\t\t<img decoding=\"async\" width=\"600\" height=\"313\" src=\"https:\/\/aslogtransportes.com.br\/wp-content\/uploads\/2022\/06\/expresso.jpg\" alt=\"\" loading=\"lazy\" srcset=\"https:\/\/aslogtransportes.com.br\/wp-content\/uploads\/2022\/06\/expresso.jpg 600w, https:\/\/aslogtransportes.com.br\/wp-content\/uploads\/2022\/06\/expresso-300x157.jpg 300w\" sizes=\"auto, (max-width: 600px) 100vw, 600px\" \/>\t\t\t\t\t\t\t\t<\/a><\/p>\n<h5><a href=\"\/servicos\/transporte-expresso\">Transporte Expresso<\/a><\/h5>\n<p>Servi\u00e7o rodovi\u00e1rio expresso para todas as regi\u00f5es do pa\u00eds, com prazos reduzidos em rela\u00e7\u00e3o ao rodovi\u00e1rio convencional&#8230;<\/p>\n<p>\t\t\t\t\t\t\t\t\t\t\t\t\t\t\t\t<a href=\"\/servicos\/armazenagem-e-logistica\"><br \/>\n\t\t\t\t\t\t\t<img decoding=\"async\" width=\"600\" height=\"313\" src=\"https:\/\/aslogtransportes.com.br\/wp-content\/uploads\/2022\/06\/armazenagem.jpg\" alt=\"\" loading=\"lazy\" srcset=\"https:\/\/aslogtransportes.com.br\/wp-content\/uploads\/2022\/06\/armazenagem.jpg 600w, https:\/\/aslogtransportes.com.br\/wp-content\/uploads\/2022\/06\/armazenagem-300x157.jpg 300w\" sizes=\"auto, (max-width: 600px) 100vw, 600px\" \/>\t\t\t\t\t\t\t\t<\/a><\/p>\n<h5><a href=\"\/servicos\/armazenagem-e-logistica\">Armazenagem<\/a><\/h5>\n<p>Especializada com Infraestrutura diferenciada e sistemas de seguran\u00e7a adequados a qualquer tipo de produto&#8230;.<\/p>\n<p>\t\t\t\t\t\t\t\t\t\t\t\t\t\t\t\t<a href=\"\/cotacao-de-frete\"><br \/>\n\t\t\t\t\t\t\t<img decoding=\"async\" width=\"600\" height=\"313\" src=\"https:\/\/aslogtransportes.com.br\/wp-content\/uploads\/2022\/06\/cotacao-de-frete.jpg\" alt=\"\" loading=\"lazy\" srcset=\"https:\/\/aslogtransportes.com.br\/wp-content\/uploads\/2022\/06\/cotacao-de-frete.jpg 600w, https:\/\/aslogtransportes.com.br\/wp-content\/uploads\/2022\/06\/cotacao-de-frete-300x157.jpg 300w\" sizes=\"auto, (max-width: 600px) 100vw, 600px\" \/>\t\t\t\t\t\t\t\t<\/a><\/p>\n<h5><a href=\"\/cotacao-de-frete\">Cota\u00e7\u00e3o de Frete<\/a><\/h5>\n<p>Precisa enviar seu material? Fa\u00e7a agora mesmo uma cota\u00e7\u00e3o de frete e receba a resposta em poucos minutos.<\/p>\n<p>\t\t\t\t\t\t\t\t\t\t\t\t\t\t\t<img decoding=\"async\" width=\"1000\" height=\"1000\" src=\"https:\/\/aslogtransportes.com.br\/wp-content\/uploads\/2022\/06\/pngwing.com-1.png\" alt=\"\" loading=\"lazy\" srcset=\"https:\/\/aslogtransportes.com.br\/wp-content\/uploads\/2022\/06\/pngwing.com-1.png 1000w, https:\/\/aslogtransportes.com.br\/wp-content\/uploads\/2022\/06\/pngwing.com-1-300x300.png 300w, https:\/\/aslogtransportes.com.br\/wp-content\/uploads\/2022\/06\/pngwing.com-1-150x150.png 150w, https:\/\/aslogtransportes.com.br\/wp-content\/uploads\/2022\/06\/pngwing.com-1-768x768.png 768w\" sizes=\"auto, (max-width: 1000px) 100vw, 1000px\" \/>\t\t\t\t\t\t\t\t\t\t\t\t\t\t\t<\/p>\n<h2>Atendemos Todo o Brasil<\/h2>\n<p>Atuamos desde 2020 no transporte rodovi\u00e1rio de cargas em todo o territ\u00f3rio nacional, atendendo \u00e1reas de dif\u00edcil acesso, armazenamento, distribui\u00e7\u00e3o e movimenta\u00e7\u00e3o.<\/p>\n<p>Utilizando de nossa matriz e campos de apoio em cidades estrat\u00e9gicas para a regi\u00e3o. Al\u00e9m disso oferecemos servi\u00e7os especializados 24 horas por dia, tornando assim a experi\u00eancia do cliente mais agrad\u00e1vel e satisfat\u00f3ria.<\/p>\n<style>\/*! elementor - v3.6.5 - 27-04-2022 *\/\n.elementor-counter .elementor-counter-number-wrapper{display:-webkit-box;display:-ms-flexbox;display:flex;font-size:69px;font-weight:600;line-height:1}.elementor-counter .elementor-counter-number-prefix,.elementor-counter .elementor-counter-number-suffix{-webkit-box-flex:1;-ms-flex-positive:1;flex-grow:1;white-space:pre-wrap}.elementor-counter .elementor-counter-number-prefix{text-align:right}.elementor-counter .elementor-counter-number-suffix{text-align:left}.elementor-counter .elementor-counter-title{text-align:center;font-size:19px;font-weight:400;line-height:2.5}<\/style>\n<p>\t\t\t\t+<br \/>\n\t\t\t\t0<br \/>\n\t\t\t\t\t\t\tCidades Atendidas<br \/>\n\t\t\t\t+<br \/>\n\t\t\t\t0<br \/>\n\t\t\t\t\t\t\tPontos de Apoio<\/p>\n<h2>Ainda ficou com alguma duvida?<\/h2>\n<p>\t\t\t<a href=\"https:\/\/api.whatsapp.com\/send?phone=5551981673121&#038;text=Ol%C3%A1%20estou%20fazendo%20contato%20atrav%C3%A9s%20do%20seu%20site%20gostaria%20de%20maiores%20informa%C3%A7%C3%B5es%20sobre%20seus%20servi%C3%A7os.\" target=\"_blank\" role=\"button\" rel=\"noopener\"><br \/>\n\t\t\t\t<svg xmlns=\"http:\/\/www.w3.org\/2000\/svg\" viewBox=\"0 0 120 28\"><title>WhatsApp<\/title><path d=\"M117.2 17c0 .4-.2.7-.4 1-.1.3-.4.5-.7.7l-1 .2c-.5 0-.9 0-1.2-.2l-.7-.7a3 3 0 0 1-.4-1 5.4 5.4 0 0 1 0-2.3c0-.4.2-.7.4-1l.7-.7a2 2 0 0 1 1.1-.3 2 2 0 0 1 1.8 1l.4 1a5.3 5.3 0 0 1 0 2.3zm2.5-3c-.1-.7-.4-1.3-.8-1.7a4 4 0 0 0-1.3-1.2c-.6-.3-1.3-.4-2-.4-.6 0-1.2.1-1.7.4a3 3 0 0 0-1.2 1.1V11H110v13h2.7v-4.5c.4.4.8.8 1.3 1 .5.3 1 .4 1.6.4a4 4 0 0 0 3.2-1.5c.4-.5.7-1 .8-1.6.2-.6.3-1.2.3-1.9s0-1.3-.3-2zm-13.1 3c0 .4-.2.7-.4 1l-.7.7-1.1.2c-.4 0-.8 0-1-.2-.4-.2-.6-.4-.8-.7a3 3 0 0 1-.4-1 5.4 5.4 0 0 1 0-2.3c0-.4.2-.7.4-1 .1-.3.4-.5.7-.7a2 2 0 0 1 1-.3 2 2 0 0 1 1.9 1l.4 1a5.4 5.4 0 0 1 0 2.3zm1.7-4.7a4 4 0 0 0-3.3-1.6c-.6 0-1.2.1-1.7.4a3 3 0 0 0-1.2 1.1V11h-2.6v13h2.7v-4.5c.3.4.7.8 1.2 1 .6.3 1.1.4 1.7.4a4 4 0 0 0 3.2-1.5c.4-.5.6-1 .8-1.6.2-.6.3-1.2.3-1.9s-.1-1.3-.3-2c-.2-.6-.4-1.2-.8-1.6zm-17.5 3.2l1.7-5 1.7 5h-3.4zm.2-8.2l-5 13.4h3l1-3h5l1 3h3L94 7.3h-3zm-5.3 9.1l-.6-.8-1-.5a11.6 11.6 0 0 0-2.3-.5l-1-.3a2 2 0 0 1-.6-.3.7.7 0 0 1-.3-.6c0-.2 0-.4.2-.5l.3-.3h.5l.5-.1c.5 0 .9 0 1.2.3.4.1.6.5.6 1h2.5c0-.6-.2-1.1-.4-1.5a3 3 0 0 0-1-1 4 4 0 0 0-1.3-.5 7.7 7.7 0 0 0-3 0c-.6.1-1 .3-1.4.5l-1 1a3 3 0 0 0-.4 1.5 2 2 0 0 0 1 1.8l1 .5 1.1.3 2.2.6c.6.2.8.5.8 1l-.1.5-.4.4a2 2 0 0 1-.6.2 2.8 2.8 0 0 1-1.4 0 2 2 0 0 1-.6-.3l-.5-.5-.2-.8H77c0 .7.2 1.2.5 1.6.2.5.6.8 1 1 .4.3.9.5 1.4.6a8 8 0 0 0 3.3 0c.5 0 1-.2 1.4-.5a3 3 0 0 0 1-1c.3-.5.4-1 .4-1.6 0-.5 0-.9-.3-1.2zM74.7 8h-2.6v3h-1.7v1.7h1.7v5.8c0 .5 0 .9.2 1.2l.7.7 1 .3a7.8 7.8 0 0 0 2 0h.7v-2.1a3.4 3.4 0 0 1-.8 0l-1-.1-.2-1v-4.8h2V11h-2V8zm-7.6 9v.5l-.3.8-.7.6c-.2.2-.7.2-1.2.2h-.6l-.5-.2a1 1 0 0 1-.4-.4l-.1-.6.1-.6.4-.4.5-.3a4.8 4.8 0 0 1 1.2-.2 8.3 8.3 0 0 0 1.2-.2l.4-.3v1zm2.6 1.5v-5c0-.6 0-1.1-.3-1.5l-1-.8-1.4-.4a10.9 10.9 0 0 0-3.1 0l-1.5.6c-.4.2-.7.6-1 1a3 3 0 0 0-.5 1.5h2.7c0-.5.2-.9.5-1a2 2 0 0 1 1.3-.4h.6l.6.2.3.4.2.7c0 .3 0 .5-.3.6-.1.2-.4.3-.7.4l-1 .1a21.9 21.9 0 0 0-2.4.4l-1 .5c-.3.2-.6.5-.8.9-.2.3-.3.8-.3 1.3s.1 1 .3 1.3c.1.4.4.7.7 1l1 .4c.4.2.9.2 1.3.2a6 6 0 0 0 1.8-.2c.6-.2 1-.5 1.5-1a4 4 0 0 0 .2 1H70l-.3-1v-1.2zm-11-6.7c-.2-.4-.6-.6-1-.8-.5-.2-1-.3-1.8-.3-.5 0-1 .1-1.5.4a3 3 0 0 0-1.3 1.2v-5h-2.7v13.4H53v-5.1c0-1 .2-1.7.5-2.2.3-.4.9-.6 1.6-.6.6 0 1 .2 1.3.6.3.4.4 1 .4 1.8v5.5h2.7v-6c0-.6 0-1.2-.2-1.6 0-.5-.3-1-.5-1.3zm-14 4.7l-2.3-9.2h-2.8l-2.3 9-2.2-9h-3l3.6 13.4h3l2.2-9.2 2.3 9.2h3l3.6-13.4h-3l-2.1 9.2zm-24.5.2L18 15.6c-.3-.1-.6-.2-.8.2A20 20 0 0 1 16 17c-.2.2-.4.3-.7.1-.4-.2-1.5-.5-2.8-1.7-1-1-1.7-2-2-2.4-.1-.4 0-.5.2-.7l.5-.6.4-.6v-.6L10.4 8c-.3-.6-.6-.5-.8-.6H9c-.2 0-.6.1-.9.5C7.8 8.2 7 9 7 10.7c0 1.7 1.3 3.4 1.4 3.6.2.3 2.5 3.7 6 5.2l1.9.8c.8.2 1.6.2 2.2.1.6-.1 2-.8 2.3-1.6.3-.9.3-1.5.2-1.7l-.7-.4zM14 25.3c-2 0-4-.5-5.8-1.6l-.4-.2-4.4 1.1 1.2-4.2-.3-.5A11.5 11.5 0 0 1 22.1 5.7 11.5 11.5 0 0 1 14 25.3zM14 0A13.8 13.8 0 0 0 2 20.7L0 28l7.3-2A13.8 13.8 0 1 0 14 0z\"><\/path><\/svg><br \/>\n\t\t\t\t\t<\/a><\/p>\n","protected":false},"excerpt":{"rendered":"<p>Servi\u00e7os Servi\u00e7os Servi\u00e7os de alta tecnologia para entregar o melhor! N\u00f3s da Aslog transportes transportes oferecemos diversos tipos de modalidades de transportes. Transporte Exclusivo Solu\u00e7\u00f5es em transporte com qualidade geram economia e agilidade para os nossos clientes&#8230; Transporte Fracionado Servi\u00e7o de entrega porta a porta\u00a0 onde n\u00e3o se h\u00e1 necessidade de pagar pelo espa\u00e7o do [&hellip;]<\/p>\n","protected":false},"author":1,"featured_media":0,"parent":0,"menu_order":0,"comment_status":"closed","ping_status":"closed","template":"","meta":{"footnotes":""},"class_list":["post-663","page","type-page","status-publish","hentry"],"_links":{"self":[{"href":"https:\/\/aslogtransportes.com.br\/index.php?rest_route=\/wp\/v2\/pages\/663","targetHints":{"allow":["GET"]}}],"collection":[{"href":"https:\/\/aslogtransportes.com.br\/index.php?rest_route=\/wp\/v2\/pages"}],"about":[{"href":"https:\/\/aslogtransportes.com.br\/index.php?rest_route=\/wp\/v2\/types\/page"}],"author":[{"embeddable":true,"href":"https:\/\/aslogtransportes.com.br\/index.php?rest_route=\/wp\/v2\/users\/1"}],"replies":[{"embeddable":true,"href":"https:\/\/aslogtransportes.com.br\/index.php?rest_route=%2Fwp%2Fv2%2Fcomments&post=663"}],"version-history":[{"count":49,"href":"https:\/\/aslogtransportes.com.br\/index.php?rest_route=\/wp\/v2\/pages\/663\/revisions"}],"predecessor-version":[{"id":1249,"href":"https:\/\/aslogtransportes.com.br\/index.php?rest_route=\/wp\/v2\/pages\/663\/revisions\/1249"}],"wp:attachment":[{"href":"https:\/\/aslogtransportes.com.br\/index.php?rest_route=%2Fwp%2Fv2%2Fmedia&parent=663"}],"curies":[{"name":"wp","href":"https:\/\/api.w.org\/{rel}","templated":true}]}}